{"id":2357,"date":"2015-03-16T15:54:52","date_gmt":"2015-03-16T15:54:52","guid":{"rendered":"https:\/\/www.bonporteau.fr\/contact-et-acces\/"},"modified":"2025-10-09T10:18:12","modified_gmt":"2025-10-09T08:18:12","slug":"contact-et-acces","status":"publish","type":"page","link":"https:\/\/www.bonporteau.fr\/de\/contact-et-acces\/","title":{"rendered":"Kontakt &#038; anreise"},"content":{"rendered":"<p style=\"text-align: center;\"><a href=\"https:\/\/maps.app.goo.gl\/ZcT8jgeNmWBsKvLJ8\" target=\"_blank\" rel=\"noopener\">208, chemin du train des pignes<br \/>\n83240 Cavalaire sur Mer, Frankreich<\/a><br \/>\nTel:\u00a0<a href=\"Tel.:+33%20(0)4%2094%2064%2003%2024\">+33 (0)4 94 640 324<\/a><br \/>\nFax:\u00a0<a href=\"Tel.:+33%20(0)4%2094%2064%2018%2062\">+33 (0)4 94 641 862<\/a><br \/>\nGPS-Koordinaten: Nord 43 10 013 \/ Ost 6 31 167<br \/>\n\u00d6ffnungszeiten der Rezeption: 9-12 Uhr und 15-19 Uhr<\/p>\n","protected":false},"excerpt":{"rendered":"<p>208, chemin du train des pignes 83240 Cavalaire sur Mer, Frankreich Tel:\u00a0+33 (0)4 94 640 324 Fax:\u00a0+33 (0)4 94 641 862 GPS-Koordinaten: Nord 43 10 013 \/ Ost 6 31 167 \u00d6ffnungszeiten der Rezeption: 9-12 Uhr und 15-19 Uhr<\/p>\n","protected":false},"author":3,"featured_media":2358,"parent":0,"menu_order":0,"comment_status":"closed","ping_status":"closed","template":"modeles-de-page\/page-contact.php","meta":{"_acf_changed":false,"footnotes":""},"class_list":["post-2357","page","type-page","status-publish","has-post-thumbnail","hentry"],"acf":[],"yoast_head":"<!-- This site is optimized with the Yoast SEO plugin v26.1.1 - https:\/\/yoast.com\/wordpress\/plugins\/seo\/ -->\n<title>Kontakt &amp; anreise - Campingplatz Bonporteau in Cavalaire<\/title>\n<meta name=\"description\" content=\"F\u00fcr weitere Informationen \u00fcber den Campingplatz z\u00f6gern Sie bitte nicht, uns w\u00e4hrend der \u00d6ffnungszeiten der Rezeption zu kontaktieren.\" \/>\n<meta name=\"robots\" content=\"index, follow, max-snippet:-1, max-image-preview:large, max-video-preview:-1\" \/>\n<link rel=\"canonical\" href=\"https:\/\/www.bonporteau.fr\/de\/contact-et-acces\/\" \/>\n<meta property=\"og:locale\" content=\"de_DE\" \/>\n<meta property=\"og:type\" content=\"article\" \/>\n<meta property=\"og:title\" content=\"Kontakt &amp; anreise - Campingplatz Bonporteau in Cavalaire\" \/>\n<meta property=\"og:description\" content=\"F\u00fcr weitere Informationen \u00fcber den Campingplatz z\u00f6gern Sie bitte nicht, uns w\u00e4hrend der \u00d6ffnungszeiten der Rezeption zu kontaktieren.\" \/>\n<meta property=\"og:url\" content=\"https:\/\/www.bonporteau.fr\/de\/contact-et-acces\/\" \/>\n<meta property=\"og:site_name\" content=\"Bonporteau\" \/>\n<meta property=\"article:modified_time\" content=\"2025-10-09T08:18:12+00:00\" \/>\n<meta property=\"og:image\" content=\"https:\/\/www.bonporteau.fr\/base\/uploads\/2021\/03\/water.jpg\" \/>\n\t<meta property=\"og:image:width\" content=\"1920\" \/>\n\t<meta property=\"og:image:height\" content=\"1280\" \/>\n\t<meta property=\"og:image:type\" content=\"image\/jpeg\" \/>\n<meta name=\"twitter:label1\" content=\"Gesch\u00e4tzte Lesezeit\" \/>\n\t<meta name=\"twitter:data1\" content=\"1\u00a0Minute\" \/>\n<script type=\"application\/ld+json\" class=\"yoast-schema-graph\">{\"@context\":\"https:\/\/schema.org\",\"@graph\":[{\"@type\":\"WebPage\",\"@id\":\"https:\/\/www.bonporteau.fr\/de\/contact-et-acces\/\",\"url\":\"https:\/\/www.bonporteau.fr\/de\/contact-et-acces\/\",\"name\":\"Kontakt & anreise - Campingplatz Bonporteau in Cavalaire\",\"isPartOf\":{\"@id\":\"https:\/\/www.bonporteau.fr\/de\/#website\"},\"primaryImageOfPage\":{\"@id\":\"https:\/\/www.bonporteau.fr\/de\/contact-et-acces\/#primaryimage\"},\"image\":{\"@id\":\"https:\/\/www.bonporteau.fr\/de\/contact-et-acces\/#primaryimage\"},\"thumbnailUrl\":\"https:\/\/www.bonporteau.fr\/base\/uploads\/2021\/03\/water.jpg\",\"datePublished\":\"2015-03-16T15:54:52+00:00\",\"dateModified\":\"2025-10-09T08:18:12+00:00\",\"description\":\"F\u00fcr weitere Informationen \u00fcber den Campingplatz z\u00f6gern Sie bitte nicht, uns w\u00e4hrend der \u00d6ffnungszeiten der Rezeption zu kontaktieren.\",\"breadcrumb\":{\"@id\":\"https:\/\/www.bonporteau.fr\/de\/contact-et-acces\/#breadcrumb\"},\"inLanguage\":\"de\",\"potentialAction\":[{\"@type\":\"ReadAction\",\"target\":[\"https:\/\/www.bonporteau.fr\/de\/contact-et-acces\/\"]}]},{\"@type\":\"ImageObject\",\"inLanguage\":\"de\",\"@id\":\"https:\/\/www.bonporteau.fr\/de\/contact-et-acces\/#primaryimage\",\"url\":\"https:\/\/www.bonporteau.fr\/base\/uploads\/2021\/03\/water.jpg\",\"contentUrl\":\"https:\/\/www.bonporteau.fr\/base\/uploads\/2021\/03\/water.jpg\",\"width\":1920,\"height\":1280},{\"@type\":\"BreadcrumbList\",\"@id\":\"https:\/\/www.bonporteau.fr\/de\/contact-et-acces\/#breadcrumb\",\"itemListElement\":[{\"@type\":\"ListItem\",\"position\":1,\"name\":\"Accueil\",\"item\":\"https:\/\/www.bonporteau.fr\/de\/\"},{\"@type\":\"ListItem\",\"position\":2,\"name\":\"Kontakt &#038; anreise\"}]},{\"@type\":\"WebSite\",\"@id\":\"https:\/\/www.bonporteau.fr\/de\/#website\",\"url\":\"https:\/\/www.bonporteau.fr\/de\/\",\"name\":\"Bonporteau\",\"description\":\".\",\"publisher\":{\"@id\":\"https:\/\/www.bonporteau.fr\/de\/#organization\"},\"potentialAction\":[{\"@type\":\"SearchAction\",\"target\":{\"@type\":\"EntryPoint\",\"urlTemplate\":\"https:\/\/www.bonporteau.fr\/de\/?s={search_term_string}\"},\"query-input\":{\"@type\":\"PropertyValueSpecification\",\"valueRequired\":true,\"valueName\":\"search_term_string\"}}],\"inLanguage\":\"de\"},{\"@type\":\"Organization\",\"@id\":\"https:\/\/www.bonporteau.fr\/de\/#organization\",\"name\":\"Camping Bonporteau\",\"url\":\"https:\/\/www.bonporteau.fr\/de\/\",\"logo\":{\"@type\":\"ImageObject\",\"inLanguage\":\"de\",\"@id\":\"https:\/\/www.bonporteau.fr\/de\/#\/schema\/logo\/image\/\",\"url\":\"https:\/\/www.bonporteau.fr\/base\/uploads\/2025\/06\/logo-camping-bonporteau.png\",\"contentUrl\":\"https:\/\/www.bonporteau.fr\/base\/uploads\/2025\/06\/logo-camping-bonporteau.png\",\"width\":222,\"height\":84,\"caption\":\"Camping Bonporteau\"},\"image\":{\"@id\":\"https:\/\/www.bonporteau.fr\/de\/#\/schema\/logo\/image\/\"}}]}<\/script>\n<!-- \/ Yoast SEO plugin. -->","yoast_head_json":{"title":"Kontakt & anreise - Campingplatz Bonporteau in Cavalaire","description":"F\u00fcr weitere Informationen \u00fcber den Campingplatz z\u00f6gern Sie bitte nicht, uns w\u00e4hrend der \u00d6ffnungszeiten der Rezeption zu kontaktieren.","robots":{"index":"index","follow":"follow","max-snippet":"max-snippet:-1","max-image-preview":"max-image-preview:large","max-video-preview":"max-video-preview:-1"},"canonical":"https:\/\/www.bonporteau.fr\/de\/contact-et-acces\/","og_locale":"de_DE","og_type":"article","og_title":"Kontakt & anreise - Campingplatz Bonporteau in Cavalaire","og_description":"F\u00fcr weitere Informationen \u00fcber den Campingplatz z\u00f6gern Sie bitte nicht, uns w\u00e4hrend der \u00d6ffnungszeiten der Rezeption zu kontaktieren.","og_url":"https:\/\/www.bonporteau.fr\/de\/contact-et-acces\/","og_site_name":"Bonporteau","article_modified_time":"2025-10-09T08:18:12+00:00","og_image":[{"width":1920,"height":1280,"url":"https:\/\/www.bonporteau.fr\/base\/uploads\/2021\/03\/water.jpg","type":"image\/jpeg"}],"twitter_misc":{"Gesch\u00e4tzte Lesezeit":"1\u00a0Minute"},"schema":{"@context":"https:\/\/schema.org","@graph":[{"@type":"WebPage","@id":"https:\/\/www.bonporteau.fr\/de\/contact-et-acces\/","url":"https:\/\/www.bonporteau.fr\/de\/contact-et-acces\/","name":"Kontakt & anreise - Campingplatz Bonporteau in Cavalaire","isPartOf":{"@id":"https:\/\/www.bonporteau.fr\/de\/#website"},"primaryImageOfPage":{"@id":"https:\/\/www.bonporteau.fr\/de\/contact-et-acces\/#primaryimage"},"image":{"@id":"https:\/\/www.bonporteau.fr\/de\/contact-et-acces\/#primaryimage"},"thumbnailUrl":"https:\/\/www.bonporteau.fr\/base\/uploads\/2021\/03\/water.jpg","datePublished":"2015-03-16T15:54:52+00:00","dateModified":"2025-10-09T08:18:12+00:00","description":"F\u00fcr weitere Informationen \u00fcber den Campingplatz z\u00f6gern Sie bitte nicht, uns w\u00e4hrend der \u00d6ffnungszeiten der Rezeption zu kontaktieren.","breadcrumb":{"@id":"https:\/\/www.bonporteau.fr\/de\/contact-et-acces\/#breadcrumb"},"inLanguage":"de","potentialAction":[{"@type":"ReadAction","target":["https:\/\/www.bonporteau.fr\/de\/contact-et-acces\/"]}]},{"@type":"ImageObject","inLanguage":"de","@id":"https:\/\/www.bonporteau.fr\/de\/contact-et-acces\/#primaryimage","url":"https:\/\/www.bonporteau.fr\/base\/uploads\/2021\/03\/water.jpg","contentUrl":"https:\/\/www.bonporteau.fr\/base\/uploads\/2021\/03\/water.jpg","width":1920,"height":1280},{"@type":"BreadcrumbList","@id":"https:\/\/www.bonporteau.fr\/de\/contact-et-acces\/#breadcrumb","itemListElement":[{"@type":"ListItem","position":1,"name":"Accueil","item":"https:\/\/www.bonporteau.fr\/de\/"},{"@type":"ListItem","position":2,"name":"Kontakt &#038; anreise"}]},{"@type":"WebSite","@id":"https:\/\/www.bonporteau.fr\/de\/#website","url":"https:\/\/www.bonporteau.fr\/de\/","name":"Bonporteau","description":".","publisher":{"@id":"https:\/\/www.bonporteau.fr\/de\/#organization"},"potentialAction":[{"@type":"SearchAction","target":{"@type":"EntryPoint","urlTemplate":"https:\/\/www.bonporteau.fr\/de\/?s={search_term_string}"},"query-input":{"@type":"PropertyValueSpecification","valueRequired":true,"valueName":"search_term_string"}}],"inLanguage":"de"},{"@type":"Organization","@id":"https:\/\/www.bonporteau.fr\/de\/#organization","name":"Camping Bonporteau","url":"https:\/\/www.bonporteau.fr\/de\/","logo":{"@type":"ImageObject","inLanguage":"de","@id":"https:\/\/www.bonporteau.fr\/de\/#\/schema\/logo\/image\/","url":"https:\/\/www.bonporteau.fr\/base\/uploads\/2025\/06\/logo-camping-bonporteau.png","contentUrl":"https:\/\/www.bonporteau.fr\/base\/uploads\/2025\/06\/logo-camping-bonporteau.png","width":222,"height":84,"caption":"Camping Bonporteau"},"image":{"@id":"https:\/\/www.bonporteau.fr\/de\/#\/schema\/logo\/image\/"}}]}},"_links":{"self":[{"href":"https:\/\/www.bonporteau.fr\/de\/wp-json\/wp\/v2\/pages\/2357","targetHints":{"allow":["GET"]}}],"collection":[{"href":"https:\/\/www.bonporteau.fr\/de\/wp-json\/wp\/v2\/pages"}],"about":[{"href":"https:\/\/www.bonporteau.fr\/de\/wp-json\/wp\/v2\/types\/page"}],"author":[{"embeddable":true,"href":"https:\/\/www.bonporteau.fr\/de\/wp-json\/wp\/v2\/users\/3"}],"replies":[{"embeddable":true,"href":"https:\/\/www.bonporteau.fr\/de\/wp-json\/wp\/v2\/comments?post=2357"}],"version-history":[{"count":3,"href":"https:\/\/www.bonporteau.fr\/de\/wp-json\/wp\/v2\/pages\/2357\/revisions"}],"predecessor-version":[{"id":4535,"href":"https:\/\/www.bonporteau.fr\/de\/wp-json\/wp\/v2\/pages\/2357\/revisions\/4535"}],"wp:featuredmedia":[{"embeddable":true,"href":"https:\/\/www.bonporteau.fr\/de\/wp-json\/wp\/v2\/media\/2358"}],"wp:attachment":[{"href":"https:\/\/www.bonporteau.fr\/de\/wp-json\/wp\/v2\/media?parent=2357"}],"curies":[{"name":"wp","href":"https:\/\/api.w.org\/{rel}","templated":true}]}}