{"id":2338,"date":"2021-03-14T13:48:04","date_gmt":"2021-03-14T11:48:04","guid":{"rendered":"https:\/\/www.bonporteau.fr\/plan-du-camping\/"},"modified":"2025-10-13T14:19:07","modified_gmt":"2025-10-13T12:19:07","slug":"plan-du-camping","status":"publish","type":"page","link":"https:\/\/www.bonporteau.fr\/de\/plan-du-camping\/","title":{"rendered":"Karte des Campingplatzes"},"content":{"rendered":"<p>M\u00f6chten Sie wissen, in welchem Bereich des Campingplatzes sich Ihr Mobilheim oder Ihr Stellplatz befindet? Wenn Sie alle Sehensw\u00fcrdigkeiten des 4-Sterne-Campingplatzes Bonporteau in Cavalaire im Var kennenlernen m\u00f6chten, ist das mit dem Campingplatzplan ganz einfach! Sie k\u00f6nnen auch unsere neue <a href=\"\/bonporteau_dev-91?page_id=1075\">Unterkunft ausfindig machen<\/a>.<\/p>\n","protected":false},"excerpt":{"rendered":"<p>M\u00f6chten Sie wissen, in welchem Bereich des Campingplatzes sich Ihr Mobilheim oder Ihr Stellplatz befindet? Wenn Sie alle Sehensw\u00fcrdigkeiten des 4-Sterne-Campingplatzes Bonporteau in Cavalaire im Var kennenlernen m\u00f6chten, ist das mit dem Campingplatzplan ganz einfach! Sie k\u00f6nnen auch unsere neue Unterkunft ausfindig machen.<\/p>\n","protected":false},"author":3,"featured_media":3816,"parent":0,"menu_order":0,"comment_status":"closed","ping_status":"closed","template":"modeles-de-page\/page-plan-camping-v2.php","meta":{"_acf_changed":false,"footnotes":""},"class_list":["post-2338","page","type-page","status-publish","has-post-thumbnail","hentry"],"acf":[],"yoast_head":"<!-- This site is optimized with the Yoast SEO plugin v26.1.1 - https:\/\/yoast.com\/wordpress\/plugins\/seo\/ -->\n<title>Karte des Campingplatzes - Bonporteau<\/title>\n<meta name=\"description\" content=\"Wenn Sie alle Sehensw\u00fcrdigkeiten des 4-Sterne-Campingplatzes Bonporteau in Cavalaire im Var kennenlernen m\u00f6chten, ist das mit dem Campingplatzplan ganz einfach!\" \/>\n<meta name=\"robots\" content=\"index, follow, max-snippet:-1, max-image-preview:large, max-video-preview:-1\" \/>\n<link rel=\"canonical\" href=\"https:\/\/www.bonporteau.fr\/de\/plan-du-camping\/\" \/>\n<meta property=\"og:locale\" content=\"de_DE\" \/>\n<meta property=\"og:type\" content=\"article\" \/>\n<meta property=\"og:title\" content=\"Karte des Campingplatzes - Bonporteau\" \/>\n<meta property=\"og:description\" content=\"Wenn Sie alle Sehensw\u00fcrdigkeiten des 4-Sterne-Campingplatzes Bonporteau in Cavalaire im Var kennenlernen m\u00f6chten, ist das mit dem Campingplatzplan ganz einfach!\" \/>\n<meta property=\"og:url\" content=\"https:\/\/www.bonporteau.fr\/de\/plan-du-camping\/\" \/>\n<meta property=\"og:site_name\" content=\"Bonporteau\" \/>\n<meta property=\"article:modified_time\" content=\"2025-10-13T12:19:07+00:00\" \/>\n<meta property=\"og:image\" content=\"https:\/\/www.bonporteau.fr\/base\/uploads\/2023\/10\/quartier-premium-camping-bonporteau.jpg\" \/>\n\t<meta property=\"og:image:width\" content=\"1920\" \/>\n\t<meta property=\"og:image:height\" content=\"1079\" \/>\n\t<meta property=\"og:image:type\" content=\"image\/jpeg\" \/>\n<meta name=\"twitter:label1\" content=\"Gesch\u00e4tzte Lesezeit\" \/>\n\t<meta name=\"twitter:data1\" content=\"1\u00a0Minute\" \/>\n<script type=\"application\/ld+json\" class=\"yoast-schema-graph\">{\"@context\":\"https:\/\/schema.org\",\"@graph\":[{\"@type\":\"WebPage\",\"@id\":\"https:\/\/www.bonporteau.fr\/de\/plan-du-camping\/\",\"url\":\"https:\/\/www.bonporteau.fr\/de\/plan-du-camping\/\",\"name\":\"Karte des Campingplatzes - Bonporteau\",\"isPartOf\":{\"@id\":\"https:\/\/www.bonporteau.fr\/de\/#website\"},\"primaryImageOfPage\":{\"@id\":\"https:\/\/www.bonporteau.fr\/de\/plan-du-camping\/#primaryimage\"},\"image\":{\"@id\":\"https:\/\/www.bonporteau.fr\/de\/plan-du-camping\/#primaryimage\"},\"thumbnailUrl\":\"https:\/\/www.bonporteau.fr\/base\/uploads\/2023\/10\/quartier-premium-camping-bonporteau.jpg\",\"datePublished\":\"2021-03-14T11:48:04+00:00\",\"dateModified\":\"2025-10-13T12:19:07+00:00\",\"description\":\"Wenn Sie alle Sehensw\u00fcrdigkeiten des 4-Sterne-Campingplatzes Bonporteau in Cavalaire im Var kennenlernen m\u00f6chten, ist das mit dem Campingplatzplan ganz einfach!\",\"breadcrumb\":{\"@id\":\"https:\/\/www.bonporteau.fr\/de\/plan-du-camping\/#breadcrumb\"},\"inLanguage\":\"de\",\"potentialAction\":[{\"@type\":\"ReadAction\",\"target\":[\"https:\/\/www.bonporteau.fr\/de\/plan-du-camping\/\"]}]},{\"@type\":\"ImageObject\",\"inLanguage\":\"de\",\"@id\":\"https:\/\/www.bonporteau.fr\/de\/plan-du-camping\/#primaryimage\",\"url\":\"https:\/\/www.bonporteau.fr\/base\/uploads\/2023\/10\/quartier-premium-camping-bonporteau.jpg\",\"contentUrl\":\"https:\/\/www.bonporteau.fr\/base\/uploads\/2023\/10\/quartier-premium-camping-bonporteau.jpg\",\"width\":1920,\"height\":1079},{\"@type\":\"BreadcrumbList\",\"@id\":\"https:\/\/www.bonporteau.fr\/de\/plan-du-camping\/#breadcrumb\",\"itemListElement\":[{\"@type\":\"ListItem\",\"position\":1,\"name\":\"Accueil\",\"item\":\"https:\/\/www.bonporteau.fr\/de\/\"},{\"@type\":\"ListItem\",\"position\":2,\"name\":\"Karte des Campingplatzes\"}]},{\"@type\":\"WebSite\",\"@id\":\"https:\/\/www.bonporteau.fr\/de\/#website\",\"url\":\"https:\/\/www.bonporteau.fr\/de\/\",\"name\":\"Bonporteau\",\"description\":\".\",\"publisher\":{\"@id\":\"https:\/\/www.bonporteau.fr\/de\/#organization\"},\"potentialAction\":[{\"@type\":\"SearchAction\",\"target\":{\"@type\":\"EntryPoint\",\"urlTemplate\":\"https:\/\/www.bonporteau.fr\/de\/?s={search_term_string}\"},\"query-input\":{\"@type\":\"PropertyValueSpecification\",\"valueRequired\":true,\"valueName\":\"search_term_string\"}}],\"inLanguage\":\"de\"},{\"@type\":\"Organization\",\"@id\":\"https:\/\/www.bonporteau.fr\/de\/#organization\",\"name\":\"Camping Bonporteau\",\"url\":\"https:\/\/www.bonporteau.fr\/de\/\",\"logo\":{\"@type\":\"ImageObject\",\"inLanguage\":\"de\",\"@id\":\"https:\/\/www.bonporteau.fr\/de\/#\/schema\/logo\/image\/\",\"url\":\"https:\/\/www.bonporteau.fr\/base\/uploads\/2025\/06\/logo-camping-bonporteau.png\",\"contentUrl\":\"https:\/\/www.bonporteau.fr\/base\/uploads\/2025\/06\/logo-camping-bonporteau.png\",\"width\":222,\"height\":84,\"caption\":\"Camping Bonporteau\"},\"image\":{\"@id\":\"https:\/\/www.bonporteau.fr\/de\/#\/schema\/logo\/image\/\"}}]}<\/script>\n<!-- \/ Yoast SEO plugin. -->","yoast_head_json":{"title":"Karte des Campingplatzes - Bonporteau","description":"Wenn Sie alle Sehensw\u00fcrdigkeiten des 4-Sterne-Campingplatzes Bonporteau in Cavalaire im Var kennenlernen m\u00f6chten, ist das mit dem Campingplatzplan ganz einfach!","robots":{"index":"index","follow":"follow","max-snippet":"max-snippet:-1","max-image-preview":"max-image-preview:large","max-video-preview":"max-video-preview:-1"},"canonical":"https:\/\/www.bonporteau.fr\/de\/plan-du-camping\/","og_locale":"de_DE","og_type":"article","og_title":"Karte des Campingplatzes - Bonporteau","og_description":"Wenn Sie alle Sehensw\u00fcrdigkeiten des 4-Sterne-Campingplatzes Bonporteau in Cavalaire im Var kennenlernen m\u00f6chten, ist das mit dem Campingplatzplan ganz einfach!","og_url":"https:\/\/www.bonporteau.fr\/de\/plan-du-camping\/","og_site_name":"Bonporteau","article_modified_time":"2025-10-13T12:19:07+00:00","og_image":[{"width":1920,"height":1079,"url":"https:\/\/www.bonporteau.fr\/base\/uploads\/2023\/10\/quartier-premium-camping-bonporteau.jpg","type":"image\/jpeg"}],"twitter_misc":{"Gesch\u00e4tzte Lesezeit":"1\u00a0Minute"},"schema":{"@context":"https:\/\/schema.org","@graph":[{"@type":"WebPage","@id":"https:\/\/www.bonporteau.fr\/de\/plan-du-camping\/","url":"https:\/\/www.bonporteau.fr\/de\/plan-du-camping\/","name":"Karte des Campingplatzes - Bonporteau","isPartOf":{"@id":"https:\/\/www.bonporteau.fr\/de\/#website"},"primaryImageOfPage":{"@id":"https:\/\/www.bonporteau.fr\/de\/plan-du-camping\/#primaryimage"},"image":{"@id":"https:\/\/www.bonporteau.fr\/de\/plan-du-camping\/#primaryimage"},"thumbnailUrl":"https:\/\/www.bonporteau.fr\/base\/uploads\/2023\/10\/quartier-premium-camping-bonporteau.jpg","datePublished":"2021-03-14T11:48:04+00:00","dateModified":"2025-10-13T12:19:07+00:00","description":"Wenn Sie alle Sehensw\u00fcrdigkeiten des 4-Sterne-Campingplatzes Bonporteau in Cavalaire im Var kennenlernen m\u00f6chten, ist das mit dem Campingplatzplan ganz einfach!","breadcrumb":{"@id":"https:\/\/www.bonporteau.fr\/de\/plan-du-camping\/#breadcrumb"},"inLanguage":"de","potentialAction":[{"@type":"ReadAction","target":["https:\/\/www.bonporteau.fr\/de\/plan-du-camping\/"]}]},{"@type":"ImageObject","inLanguage":"de","@id":"https:\/\/www.bonporteau.fr\/de\/plan-du-camping\/#primaryimage","url":"https:\/\/www.bonporteau.fr\/base\/uploads\/2023\/10\/quartier-premium-camping-bonporteau.jpg","contentUrl":"https:\/\/www.bonporteau.fr\/base\/uploads\/2023\/10\/quartier-premium-camping-bonporteau.jpg","width":1920,"height":1079},{"@type":"BreadcrumbList","@id":"https:\/\/www.bonporteau.fr\/de\/plan-du-camping\/#breadcrumb","itemListElement":[{"@type":"ListItem","position":1,"name":"Accueil","item":"https:\/\/www.bonporteau.fr\/de\/"},{"@type":"ListItem","position":2,"name":"Karte des Campingplatzes"}]},{"@type":"WebSite","@id":"https:\/\/www.bonporteau.fr\/de\/#website","url":"https:\/\/www.bonporteau.fr\/de\/","name":"Bonporteau","description":".","publisher":{"@id":"https:\/\/www.bonporteau.fr\/de\/#organization"},"potentialAction":[{"@type":"SearchAction","target":{"@type":"EntryPoint","urlTemplate":"https:\/\/www.bonporteau.fr\/de\/?s={search_term_string}"},"query-input":{"@type":"PropertyValueSpecification","valueRequired":true,"valueName":"search_term_string"}}],"inLanguage":"de"},{"@type":"Organization","@id":"https:\/\/www.bonporteau.fr\/de\/#organization","name":"Camping Bonporteau","url":"https:\/\/www.bonporteau.fr\/de\/","logo":{"@type":"ImageObject","inLanguage":"de","@id":"https:\/\/www.bonporteau.fr\/de\/#\/schema\/logo\/image\/","url":"https:\/\/www.bonporteau.fr\/base\/uploads\/2025\/06\/logo-camping-bonporteau.png","contentUrl":"https:\/\/www.bonporteau.fr\/base\/uploads\/2025\/06\/logo-camping-bonporteau.png","width":222,"height":84,"caption":"Camping Bonporteau"},"image":{"@id":"https:\/\/www.bonporteau.fr\/de\/#\/schema\/logo\/image\/"}}]}},"_links":{"self":[{"href":"https:\/\/www.bonporteau.fr\/de\/wp-json\/wp\/v2\/pages\/2338","targetHints":{"allow":["GET"]}}],"collection":[{"href":"https:\/\/www.bonporteau.fr\/de\/wp-json\/wp\/v2\/pages"}],"about":[{"href":"https:\/\/www.bonporteau.fr\/de\/wp-json\/wp\/v2\/types\/page"}],"author":[{"embeddable":true,"href":"https:\/\/www.bonporteau.fr\/de\/wp-json\/wp\/v2\/users\/3"}],"replies":[{"embeddable":true,"href":"https:\/\/www.bonporteau.fr\/de\/wp-json\/wp\/v2\/comments?post=2338"}],"version-history":[{"count":3,"href":"https:\/\/www.bonporteau.fr\/de\/wp-json\/wp\/v2\/pages\/2338\/revisions"}],"predecessor-version":[{"id":4614,"href":"https:\/\/www.bonporteau.fr\/de\/wp-json\/wp\/v2\/pages\/2338\/revisions\/4614"}],"wp:featuredmedia":[{"embeddable":true,"href":"https:\/\/www.bonporteau.fr\/de\/wp-json\/wp\/v2\/media\/3816"}],"wp:attachment":[{"href":"https:\/\/www.bonporteau.fr\/de\/wp-json\/wp\/v2\/media?parent=2338"}],"curies":[{"name":"wp","href":"https:\/\/api.w.org\/{rel}","templated":true}]}}