{"id":2334,"date":"2021-03-14T13:48:04","date_gmt":"2021-03-14T11:48:04","guid":{"rendered":"https:\/\/www.bonporteau.fr\/informations-pratiques\/"},"modified":"2025-10-13T14:22:27","modified_gmt":"2025-10-13T12:22:27","slug":"informations-pratiques","status":"publish","type":"page","link":"https:\/\/www.bonporteau.fr\/de\/informations-pratiques\/","title":{"rendered":"Praktische Informationen"},"content":{"rendered":"<p>Damit Ihr Aufenthalt bei uns an der C\u00f4te d\u2019Azur\u00a0<strong><a href=\"https:\/\/fr.wikipedia.org\/wiki\/C\u00f4te_d'Azur\">C\u00f4te d\u2019Azur<\/a><\/strong> so angenehm wie m\u00f6glich verl\u00e4uft, haben wir auf dieser Seite die h\u00e4ufigsten Fragen und die dazugeh\u00f6rigen Antworten f\u00fcr Sie zusammengestellt. Und sollten Sie keine Antwort auf Ihre Frage finden, dann <strong>wenden Sie sich direkt an uns<\/strong>. Wir helfen Ihnen gerne weiter!<\/p>\n","protected":false},"excerpt":{"rendered":"<p>Damit Ihr Aufenthalt bei uns an der C\u00f4te d\u2019Azur\u00a0C\u00f4te d\u2019Azur so angenehm wie m\u00f6glich verl\u00e4uft, haben wir auf dieser Seite die h\u00e4ufigsten Fragen und die dazugeh\u00f6rigen Antworten f\u00fcr Sie zusammengestellt. Und sollten Sie keine Antwort auf Ihre Frage finden, dann wenden Sie sich direkt an uns. Wir helfen Ihnen gerne weiter!<\/p>\n","protected":false},"author":3,"featured_media":2336,"parent":0,"menu_order":0,"comment_status":"closed","ping_status":"closed","template":"modeles-de-page\/page-informations-pratiques.php","meta":{"_acf_changed":false,"footnotes":""},"class_list":["post-2334","page","type-page","status-publish","has-post-thumbnail","hentry"],"acf":[],"yoast_head":"<!-- This site is optimized with the Yoast SEO plugin v26.1.1 - https:\/\/yoast.com\/wordpress\/plugins\/seo\/ -->\n<title>Praktische Informationen - Bonporteau<\/title>\n<meta name=\"description\" content=\"Wie lauten die \u00d6ffnungszeiten der Rezeption? Von 15\/3 bis 15\/10. Die Rezeption ist von 9:00 bis 12:00 Uhr und von 15:00 bis 19:00 Uhr ge\u00f6ffnet.\" \/>\n<meta name=\"robots\" content=\"index, follow, max-snippet:-1, max-image-preview:large, max-video-preview:-1\" \/>\n<link rel=\"canonical\" href=\"https:\/\/www.bonporteau.fr\/de\/informations-pratiques\/\" \/>\n<meta property=\"og:locale\" content=\"de_DE\" \/>\n<meta property=\"og:type\" content=\"article\" \/>\n<meta property=\"og:title\" content=\"Praktische Informationen - Bonporteau\" \/>\n<meta property=\"og:description\" content=\"Wie lauten die \u00d6ffnungszeiten der Rezeption? Von 15\/3 bis 15\/10. Die Rezeption ist von 9:00 bis 12:00 Uhr und von 15:00 bis 19:00 Uhr ge\u00f6ffnet.\" \/>\n<meta property=\"og:url\" content=\"https:\/\/www.bonporteau.fr\/de\/informations-pratiques\/\" \/>\n<meta property=\"og:site_name\" content=\"Bonporteau\" \/>\n<meta property=\"article:modified_time\" content=\"2025-10-13T12:22:27+00:00\" \/>\n<meta property=\"og:image\" content=\"https:\/\/www.bonporteau.fr\/base\/uploads\/2021\/03\/bonporteau-en-images-3.jpg\" \/>\n\t<meta property=\"og:image:width\" content=\"1920\" \/>\n\t<meta property=\"og:image:height\" content=\"1098\" \/>\n\t<meta property=\"og:image:type\" content=\"image\/jpeg\" \/>\n<meta name=\"twitter:label1\" content=\"Gesch\u00e4tzte Lesezeit\" \/>\n\t<meta name=\"twitter:data1\" content=\"13\u00a0Minuten\" \/>\n<script type=\"application\/ld+json\" class=\"yoast-schema-graph\">{\"@context\":\"https:\/\/schema.org\",\"@graph\":[{\"@type\":\"WebPage\",\"@id\":\"https:\/\/www.bonporteau.fr\/de\/informations-pratiques\/\",\"url\":\"https:\/\/www.bonporteau.fr\/de\/informations-pratiques\/\",\"name\":\"Praktische Informationen - Bonporteau\",\"isPartOf\":{\"@id\":\"https:\/\/www.bonporteau.fr\/de\/#website\"},\"primaryImageOfPage\":{\"@id\":\"https:\/\/www.bonporteau.fr\/de\/informations-pratiques\/#primaryimage\"},\"image\":{\"@id\":\"https:\/\/www.bonporteau.fr\/de\/informations-pratiques\/#primaryimage\"},\"thumbnailUrl\":\"https:\/\/www.bonporteau.fr\/base\/uploads\/2021\/03\/bonporteau-en-images-3.jpg\",\"datePublished\":\"2021-03-14T11:48:04+00:00\",\"dateModified\":\"2025-10-13T12:22:27+00:00\",\"description\":\"Wie lauten die \u00d6ffnungszeiten der Rezeption? Von 15\/3 bis 15\/10. Die Rezeption ist von 9:00 bis 12:00 Uhr und von 15:00 bis 19:00 Uhr ge\u00f6ffnet.\",\"breadcrumb\":{\"@id\":\"https:\/\/www.bonporteau.fr\/de\/informations-pratiques\/#breadcrumb\"},\"inLanguage\":\"de\",\"potentialAction\":[{\"@type\":\"ReadAction\",\"target\":[\"https:\/\/www.bonporteau.fr\/de\/informations-pratiques\/\"]}]},{\"@type\":\"ImageObject\",\"inLanguage\":\"de\",\"@id\":\"https:\/\/www.bonporteau.fr\/de\/informations-pratiques\/#primaryimage\",\"url\":\"https:\/\/www.bonporteau.fr\/base\/uploads\/2021\/03\/bonporteau-en-images-3.jpg\",\"contentUrl\":\"https:\/\/www.bonporteau.fr\/base\/uploads\/2021\/03\/bonporteau-en-images-3.jpg\",\"width\":1920,\"height\":1098},{\"@type\":\"BreadcrumbList\",\"@id\":\"https:\/\/www.bonporteau.fr\/de\/informations-pratiques\/#breadcrumb\",\"itemListElement\":[{\"@type\":\"ListItem\",\"position\":1,\"name\":\"Accueil\",\"item\":\"https:\/\/www.bonporteau.fr\/de\/\"},{\"@type\":\"ListItem\",\"position\":2,\"name\":\"Praktische Informationen\"}]},{\"@type\":\"WebSite\",\"@id\":\"https:\/\/www.bonporteau.fr\/de\/#website\",\"url\":\"https:\/\/www.bonporteau.fr\/de\/\",\"name\":\"Bonporteau\",\"description\":\".\",\"publisher\":{\"@id\":\"https:\/\/www.bonporteau.fr\/de\/#organization\"},\"potentialAction\":[{\"@type\":\"SearchAction\",\"target\":{\"@type\":\"EntryPoint\",\"urlTemplate\":\"https:\/\/www.bonporteau.fr\/de\/?s={search_term_string}\"},\"query-input\":{\"@type\":\"PropertyValueSpecification\",\"valueRequired\":true,\"valueName\":\"search_term_string\"}}],\"inLanguage\":\"de\"},{\"@type\":\"Organization\",\"@id\":\"https:\/\/www.bonporteau.fr\/de\/#organization\",\"name\":\"Camping Bonporteau\",\"url\":\"https:\/\/www.bonporteau.fr\/de\/\",\"logo\":{\"@type\":\"ImageObject\",\"inLanguage\":\"de\",\"@id\":\"https:\/\/www.bonporteau.fr\/de\/#\/schema\/logo\/image\/\",\"url\":\"https:\/\/www.bonporteau.fr\/base\/uploads\/2025\/06\/logo-camping-bonporteau.png\",\"contentUrl\":\"https:\/\/www.bonporteau.fr\/base\/uploads\/2025\/06\/logo-camping-bonporteau.png\",\"width\":222,\"height\":84,\"caption\":\"Camping Bonporteau\"},\"image\":{\"@id\":\"https:\/\/www.bonporteau.fr\/de\/#\/schema\/logo\/image\/\"}}]}<\/script>\n<!-- \/ Yoast SEO plugin. -->","yoast_head_json":{"title":"Praktische Informationen - Bonporteau","description":"Wie lauten die \u00d6ffnungszeiten der Rezeption? Von 15\/3 bis 15\/10. Die Rezeption ist von 9:00 bis 12:00 Uhr und von 15:00 bis 19:00 Uhr ge\u00f6ffnet.","robots":{"index":"index","follow":"follow","max-snippet":"max-snippet:-1","max-image-preview":"max-image-preview:large","max-video-preview":"max-video-preview:-1"},"canonical":"https:\/\/www.bonporteau.fr\/de\/informations-pratiques\/","og_locale":"de_DE","og_type":"article","og_title":"Praktische Informationen - Bonporteau","og_description":"Wie lauten die \u00d6ffnungszeiten der Rezeption? Von 15\/3 bis 15\/10. Die Rezeption ist von 9:00 bis 12:00 Uhr und von 15:00 bis 19:00 Uhr ge\u00f6ffnet.","og_url":"https:\/\/www.bonporteau.fr\/de\/informations-pratiques\/","og_site_name":"Bonporteau","article_modified_time":"2025-10-13T12:22:27+00:00","og_image":[{"width":1920,"height":1098,"url":"https:\/\/www.bonporteau.fr\/base\/uploads\/2021\/03\/bonporteau-en-images-3.jpg","type":"image\/jpeg"}],"twitter_misc":{"Gesch\u00e4tzte Lesezeit":"13\u00a0Minuten"},"schema":{"@context":"https:\/\/schema.org","@graph":[{"@type":"WebPage","@id":"https:\/\/www.bonporteau.fr\/de\/informations-pratiques\/","url":"https:\/\/www.bonporteau.fr\/de\/informations-pratiques\/","name":"Praktische Informationen - Bonporteau","isPartOf":{"@id":"https:\/\/www.bonporteau.fr\/de\/#website"},"primaryImageOfPage":{"@id":"https:\/\/www.bonporteau.fr\/de\/informations-pratiques\/#primaryimage"},"image":{"@id":"https:\/\/www.bonporteau.fr\/de\/informations-pratiques\/#primaryimage"},"thumbnailUrl":"https:\/\/www.bonporteau.fr\/base\/uploads\/2021\/03\/bonporteau-en-images-3.jpg","datePublished":"2021-03-14T11:48:04+00:00","dateModified":"2025-10-13T12:22:27+00:00","description":"Wie lauten die \u00d6ffnungszeiten der Rezeption? Von 15\/3 bis 15\/10. Die Rezeption ist von 9:00 bis 12:00 Uhr und von 15:00 bis 19:00 Uhr ge\u00f6ffnet.","breadcrumb":{"@id":"https:\/\/www.bonporteau.fr\/de\/informations-pratiques\/#breadcrumb"},"inLanguage":"de","potentialAction":[{"@type":"ReadAction","target":["https:\/\/www.bonporteau.fr\/de\/informations-pratiques\/"]}]},{"@type":"ImageObject","inLanguage":"de","@id":"https:\/\/www.bonporteau.fr\/de\/informations-pratiques\/#primaryimage","url":"https:\/\/www.bonporteau.fr\/base\/uploads\/2021\/03\/bonporteau-en-images-3.jpg","contentUrl":"https:\/\/www.bonporteau.fr\/base\/uploads\/2021\/03\/bonporteau-en-images-3.jpg","width":1920,"height":1098},{"@type":"BreadcrumbList","@id":"https:\/\/www.bonporteau.fr\/de\/informations-pratiques\/#breadcrumb","itemListElement":[{"@type":"ListItem","position":1,"name":"Accueil","item":"https:\/\/www.bonporteau.fr\/de\/"},{"@type":"ListItem","position":2,"name":"Praktische Informationen"}]},{"@type":"WebSite","@id":"https:\/\/www.bonporteau.fr\/de\/#website","url":"https:\/\/www.bonporteau.fr\/de\/","name":"Bonporteau","description":".","publisher":{"@id":"https:\/\/www.bonporteau.fr\/de\/#organization"},"potentialAction":[{"@type":"SearchAction","target":{"@type":"EntryPoint","urlTemplate":"https:\/\/www.bonporteau.fr\/de\/?s={search_term_string}"},"query-input":{"@type":"PropertyValueSpecification","valueRequired":true,"valueName":"search_term_string"}}],"inLanguage":"de"},{"@type":"Organization","@id":"https:\/\/www.bonporteau.fr\/de\/#organization","name":"Camping Bonporteau","url":"https:\/\/www.bonporteau.fr\/de\/","logo":{"@type":"ImageObject","inLanguage":"de","@id":"https:\/\/www.bonporteau.fr\/de\/#\/schema\/logo\/image\/","url":"https:\/\/www.bonporteau.fr\/base\/uploads\/2025\/06\/logo-camping-bonporteau.png","contentUrl":"https:\/\/www.bonporteau.fr\/base\/uploads\/2025\/06\/logo-camping-bonporteau.png","width":222,"height":84,"caption":"Camping Bonporteau"},"image":{"@id":"https:\/\/www.bonporteau.fr\/de\/#\/schema\/logo\/image\/"}}]}},"_links":{"self":[{"href":"https:\/\/www.bonporteau.fr\/de\/wp-json\/wp\/v2\/pages\/2334","targetHints":{"allow":["GET"]}}],"collection":[{"href":"https:\/\/www.bonporteau.fr\/de\/wp-json\/wp\/v2\/pages"}],"about":[{"href":"https:\/\/www.bonporteau.fr\/de\/wp-json\/wp\/v2\/types\/page"}],"author":[{"embeddable":true,"href":"https:\/\/www.bonporteau.fr\/de\/wp-json\/wp\/v2\/users\/3"}],"replies":[{"embeddable":true,"href":"https:\/\/www.bonporteau.fr\/de\/wp-json\/wp\/v2\/comments?post=2334"}],"version-history":[{"count":3,"href":"https:\/\/www.bonporteau.fr\/de\/wp-json\/wp\/v2\/pages\/2334\/revisions"}],"predecessor-version":[{"id":4621,"href":"https:\/\/www.bonporteau.fr\/de\/wp-json\/wp\/v2\/pages\/2334\/revisions\/4621"}],"wp:featuredmedia":[{"embeddable":true,"href":"https:\/\/www.bonporteau.fr\/de\/wp-json\/wp\/v2\/media\/2336"}],"wp:attachment":[{"href":"https:\/\/www.bonporteau.fr\/de\/wp-json\/wp\/v2\/media?parent=2334"}],"curies":[{"name":"wp","href":"https:\/\/api.w.org\/{rel}","templated":true}]}}