{"id":2324,"date":"2021-03-14T16:43:51","date_gmt":"2021-03-14T14:43:51","guid":{"rendered":"https:\/\/www.bonporteau.fr\/nouveautes\/"},"modified":"2024-10-08T17:37:07","modified_gmt":"2024-10-08T15:37:07","slug":"nouveautes","status":"publish","type":"page","link":"https:\/\/www.bonporteau.fr\/de\/nouveautes\/","title":{"rendered":"Nachrichten"},"content":{"rendered":"<div class=\"container col-xs-offset-top-2\">\n<div class=\"row\">\n<div class=\"col-xs-12\">\n<p>Neu auf dem Campingplatz Bonporteau in Cavalaire, ein neues Luxusprogramm ist da!<\/p>\n<p>Der 4-Sterne-Campingplatz Bonporteau m\u00f6chte Ihnen das Beste bieten, f\u00fcr einen noch angenehmeren und komfortableren Aufenthalt in unseren Premium Lodges. G\u00f6nnen Sie sich den Urlaub, von dem Sie schon immer getr\u00e4umt haben&#8230; In einer au\u00dfergew\u00f6hnlichen Umgebung, in der N\u00e4he von Saint Tropez. Gem\u00fctlich und geschmackvoll eingerichtet f\u00fcr eine totale Abschaltung von Stress und Alltag, in einer nat\u00fcrlichen Atmosph\u00e4re.<\/p>\n<p>Helle, ger\u00e4umige Mietunterk\u00fcnfte mit modernem Design, gut gepflegt mit Klimaanlage und Fernseher. Entworfen und gebaut f\u00fcr einen bemerkenswerten Komfort, k\u00f6nnen sie von 2 bis 6 Personen beherbergen, sie haben ein gro\u00dfes Wohnzimmer, ein Badezimmer f\u00fcr jedes Zimmer und eine K\u00fcche, die mit allem ausgestattet ist, was Sie f\u00fcr Ihren Urlaub brauchen. Ein Jacuzzi\u00ae zur privaten Nutzung auf Ihrer Terrasse, um sich in Ruhe und Privatsph\u00e4re nach einem Tag mit Sightseeing oder sportlichen Aktivit\u00e4ten zu entspannen.<\/p>\n<\/div>\n<\/div>\n<\/div>\n","protected":false},"excerpt":{"rendered":"<p>Neu auf dem Campingplatz Bonporteau in Cavalaire, ein neues Luxusprogramm ist da! Der 4-Sterne-Campingplatz Bonporteau m\u00f6chte Ihnen das Beste bieten, f\u00fcr einen noch angenehmeren und komfortableren Aufenthalt in unseren Premium Lodges. G\u00f6nnen Sie sich den Urlaub, von dem Sie schon immer getr\u00e4umt haben&#8230; In einer au\u00dfergew\u00f6hnlichen Umgebung, in der N\u00e4he von Saint Tropez. Gem\u00fctlich und &hellip; <a href=\"https:\/\/www.bonporteau.fr\/de\/nouveautes\/\">Continued<\/a><\/p>\n","protected":false},"author":3,"featured_media":2325,"parent":0,"menu_order":0,"comment_status":"closed","ping_status":"closed","template":"modeles-de-page\/page-nouveautes.php","meta":{"_acf_changed":false,"footnotes":""},"class_list":["post-2324","page","type-page","status-publish","has-post-thumbnail","hentry"],"acf":[],"yoast_head":"<!-- This site is optimized with the Yoast SEO plugin v26.1.1 - https:\/\/yoast.com\/wordpress\/plugins\/seo\/ -->\n<title>Nachrichten - Bonporteau<\/title>\n<meta name=\"description\" content=\"Neu auf dem Campingplatz Bonporteau in Cavalaire ist eine neue Luxuskollektion! Unser 4-Sterne-Campingplatz m\u00f6chte Ihnen das Beste bieten!\" \/>\n<meta name=\"robots\" content=\"index, follow, max-snippet:-1, max-image-preview:large, max-video-preview:-1\" \/>\n<link rel=\"canonical\" href=\"https:\/\/www.bonporteau.fr\/de\/nouveautes\/\" \/>\n<meta property=\"og:locale\" content=\"de_DE\" \/>\n<meta property=\"og:type\" content=\"article\" \/>\n<meta property=\"og:title\" content=\"Nachrichten - Bonporteau\" \/>\n<meta property=\"og:description\" content=\"Neu auf dem Campingplatz Bonporteau in Cavalaire ist eine neue Luxuskollektion! Unser 4-Sterne-Campingplatz m\u00f6chte Ihnen das Beste bieten!\" \/>\n<meta property=\"og:url\" content=\"https:\/\/www.bonporteau.fr\/de\/nouveautes\/\" \/>\n<meta property=\"og:site_name\" content=\"Bonporteau\" \/>\n<meta property=\"article:modified_time\" content=\"2024-10-08T15:37:07+00:00\" \/>\n<meta property=\"og:image\" content=\"https:\/\/www.bonporteau.fr\/base\/uploads\/2021\/03\/subheader-nouveautes.jpg\" \/>\n\t<meta property=\"og:image:width\" content=\"1920\" \/>\n\t<meta property=\"og:image:height\" content=\"1280\" \/>\n\t<meta property=\"og:image:type\" content=\"image\/jpeg\" \/>\n<meta name=\"twitter:label1\" content=\"Gesch\u00e4tzte Lesezeit\" \/>\n\t<meta name=\"twitter:data1\" content=\"1\u00a0Minute\" \/>\n<script type=\"application\/ld+json\" class=\"yoast-schema-graph\">{\"@context\":\"https:\/\/schema.org\",\"@graph\":[{\"@type\":\"WebPage\",\"@id\":\"https:\/\/www.bonporteau.fr\/de\/nouveautes\/\",\"url\":\"https:\/\/www.bonporteau.fr\/de\/nouveautes\/\",\"name\":\"Nachrichten - Bonporteau\",\"isPartOf\":{\"@id\":\"https:\/\/www.bonporteau.fr\/de\/#website\"},\"primaryImageOfPage\":{\"@id\":\"https:\/\/www.bonporteau.fr\/de\/nouveautes\/#primaryimage\"},\"image\":{\"@id\":\"https:\/\/www.bonporteau.fr\/de\/nouveautes\/#primaryimage\"},\"thumbnailUrl\":\"https:\/\/www.bonporteau.fr\/base\/uploads\/2021\/03\/subheader-nouveautes.jpg\",\"datePublished\":\"2021-03-14T14:43:51+00:00\",\"dateModified\":\"2024-10-08T15:37:07+00:00\",\"description\":\"Neu auf dem Campingplatz Bonporteau in Cavalaire ist eine neue Luxuskollektion! Unser 4-Sterne-Campingplatz m\u00f6chte Ihnen das Beste bieten!\",\"breadcrumb\":{\"@id\":\"https:\/\/www.bonporteau.fr\/de\/nouveautes\/#breadcrumb\"},\"inLanguage\":\"de\",\"potentialAction\":[{\"@type\":\"ReadAction\",\"target\":[\"https:\/\/www.bonporteau.fr\/de\/nouveautes\/\"]}]},{\"@type\":\"ImageObject\",\"inLanguage\":\"de\",\"@id\":\"https:\/\/www.bonporteau.fr\/de\/nouveautes\/#primaryimage\",\"url\":\"https:\/\/www.bonporteau.fr\/base\/uploads\/2021\/03\/subheader-nouveautes.jpg\",\"contentUrl\":\"https:\/\/www.bonporteau.fr\/base\/uploads\/2021\/03\/subheader-nouveautes.jpg\",\"width\":1920,\"height\":1280},{\"@type\":\"BreadcrumbList\",\"@id\":\"https:\/\/www.bonporteau.fr\/de\/nouveautes\/#breadcrumb\",\"itemListElement\":[{\"@type\":\"ListItem\",\"position\":1,\"name\":\"Accueil\",\"item\":\"https:\/\/www.bonporteau.fr\/de\/\"},{\"@type\":\"ListItem\",\"position\":2,\"name\":\"Nachrichten\"}]},{\"@type\":\"WebSite\",\"@id\":\"https:\/\/www.bonporteau.fr\/de\/#website\",\"url\":\"https:\/\/www.bonporteau.fr\/de\/\",\"name\":\"Bonporteau\",\"description\":\".\",\"publisher\":{\"@id\":\"https:\/\/www.bonporteau.fr\/de\/#organization\"},\"potentialAction\":[{\"@type\":\"SearchAction\",\"target\":{\"@type\":\"EntryPoint\",\"urlTemplate\":\"https:\/\/www.bonporteau.fr\/de\/?s={search_term_string}\"},\"query-input\":{\"@type\":\"PropertyValueSpecification\",\"valueRequired\":true,\"valueName\":\"search_term_string\"}}],\"inLanguage\":\"de\"},{\"@type\":\"Organization\",\"@id\":\"https:\/\/www.bonporteau.fr\/de\/#organization\",\"name\":\"Camping Bonporteau\",\"url\":\"https:\/\/www.bonporteau.fr\/de\/\",\"logo\":{\"@type\":\"ImageObject\",\"inLanguage\":\"de\",\"@id\":\"https:\/\/www.bonporteau.fr\/de\/#\/schema\/logo\/image\/\",\"url\":\"https:\/\/www.bonporteau.fr\/base\/uploads\/2025\/06\/logo-camping-bonporteau.png\",\"contentUrl\":\"https:\/\/www.bonporteau.fr\/base\/uploads\/2025\/06\/logo-camping-bonporteau.png\",\"width\":222,\"height\":84,\"caption\":\"Camping Bonporteau\"},\"image\":{\"@id\":\"https:\/\/www.bonporteau.fr\/de\/#\/schema\/logo\/image\/\"}}]}<\/script>\n<!-- \/ Yoast SEO plugin. -->","yoast_head_json":{"title":"Nachrichten - Bonporteau","description":"Neu auf dem Campingplatz Bonporteau in Cavalaire ist eine neue Luxuskollektion! Unser 4-Sterne-Campingplatz m\u00f6chte Ihnen das Beste bieten!","robots":{"index":"index","follow":"follow","max-snippet":"max-snippet:-1","max-image-preview":"max-image-preview:large","max-video-preview":"max-video-preview:-1"},"canonical":"https:\/\/www.bonporteau.fr\/de\/nouveautes\/","og_locale":"de_DE","og_type":"article","og_title":"Nachrichten - Bonporteau","og_description":"Neu auf dem Campingplatz Bonporteau in Cavalaire ist eine neue Luxuskollektion! Unser 4-Sterne-Campingplatz m\u00f6chte Ihnen das Beste bieten!","og_url":"https:\/\/www.bonporteau.fr\/de\/nouveautes\/","og_site_name":"Bonporteau","article_modified_time":"2024-10-08T15:37:07+00:00","og_image":[{"width":1920,"height":1280,"url":"https:\/\/www.bonporteau.fr\/base\/uploads\/2021\/03\/subheader-nouveautes.jpg","type":"image\/jpeg"}],"twitter_misc":{"Gesch\u00e4tzte Lesezeit":"1\u00a0Minute"},"schema":{"@context":"https:\/\/schema.org","@graph":[{"@type":"WebPage","@id":"https:\/\/www.bonporteau.fr\/de\/nouveautes\/","url":"https:\/\/www.bonporteau.fr\/de\/nouveautes\/","name":"Nachrichten - Bonporteau","isPartOf":{"@id":"https:\/\/www.bonporteau.fr\/de\/#website"},"primaryImageOfPage":{"@id":"https:\/\/www.bonporteau.fr\/de\/nouveautes\/#primaryimage"},"image":{"@id":"https:\/\/www.bonporteau.fr\/de\/nouveautes\/#primaryimage"},"thumbnailUrl":"https:\/\/www.bonporteau.fr\/base\/uploads\/2021\/03\/subheader-nouveautes.jpg","datePublished":"2021-03-14T14:43:51+00:00","dateModified":"2024-10-08T15:37:07+00:00","description":"Neu auf dem Campingplatz Bonporteau in Cavalaire ist eine neue Luxuskollektion! Unser 4-Sterne-Campingplatz m\u00f6chte Ihnen das Beste bieten!","breadcrumb":{"@id":"https:\/\/www.bonporteau.fr\/de\/nouveautes\/#breadcrumb"},"inLanguage":"de","potentialAction":[{"@type":"ReadAction","target":["https:\/\/www.bonporteau.fr\/de\/nouveautes\/"]}]},{"@type":"ImageObject","inLanguage":"de","@id":"https:\/\/www.bonporteau.fr\/de\/nouveautes\/#primaryimage","url":"https:\/\/www.bonporteau.fr\/base\/uploads\/2021\/03\/subheader-nouveautes.jpg","contentUrl":"https:\/\/www.bonporteau.fr\/base\/uploads\/2021\/03\/subheader-nouveautes.jpg","width":1920,"height":1280},{"@type":"BreadcrumbList","@id":"https:\/\/www.bonporteau.fr\/de\/nouveautes\/#breadcrumb","itemListElement":[{"@type":"ListItem","position":1,"name":"Accueil","item":"https:\/\/www.bonporteau.fr\/de\/"},{"@type":"ListItem","position":2,"name":"Nachrichten"}]},{"@type":"WebSite","@id":"https:\/\/www.bonporteau.fr\/de\/#website","url":"https:\/\/www.bonporteau.fr\/de\/","name":"Bonporteau","description":".","publisher":{"@id":"https:\/\/www.bonporteau.fr\/de\/#organization"},"potentialAction":[{"@type":"SearchAction","target":{"@type":"EntryPoint","urlTemplate":"https:\/\/www.bonporteau.fr\/de\/?s={search_term_string}"},"query-input":{"@type":"PropertyValueSpecification","valueRequired":true,"valueName":"search_term_string"}}],"inLanguage":"de"},{"@type":"Organization","@id":"https:\/\/www.bonporteau.fr\/de\/#organization","name":"Camping Bonporteau","url":"https:\/\/www.bonporteau.fr\/de\/","logo":{"@type":"ImageObject","inLanguage":"de","@id":"https:\/\/www.bonporteau.fr\/de\/#\/schema\/logo\/image\/","url":"https:\/\/www.bonporteau.fr\/base\/uploads\/2025\/06\/logo-camping-bonporteau.png","contentUrl":"https:\/\/www.bonporteau.fr\/base\/uploads\/2025\/06\/logo-camping-bonporteau.png","width":222,"height":84,"caption":"Camping Bonporteau"},"image":{"@id":"https:\/\/www.bonporteau.fr\/de\/#\/schema\/logo\/image\/"}}]}},"_links":{"self":[{"href":"https:\/\/www.bonporteau.fr\/de\/wp-json\/wp\/v2\/pages\/2324","targetHints":{"allow":["GET"]}}],"collection":[{"href":"https:\/\/www.bonporteau.fr\/de\/wp-json\/wp\/v2\/pages"}],"about":[{"href":"https:\/\/www.bonporteau.fr\/de\/wp-json\/wp\/v2\/types\/page"}],"author":[{"embeddable":true,"href":"https:\/\/www.bonporteau.fr\/de\/wp-json\/wp\/v2\/users\/3"}],"replies":[{"embeddable":true,"href":"https:\/\/www.bonporteau.fr\/de\/wp-json\/wp\/v2\/comments?post=2324"}],"version-history":[{"count":3,"href":"https:\/\/www.bonporteau.fr\/de\/wp-json\/wp\/v2\/pages\/2324\/revisions"}],"predecessor-version":[{"id":3934,"href":"https:\/\/www.bonporteau.fr\/de\/wp-json\/wp\/v2\/pages\/2324\/revisions\/3934"}],"wp:featuredmedia":[{"embeddable":true,"href":"https:\/\/www.bonporteau.fr\/de\/wp-json\/wp\/v2\/media\/2325"}],"wp:attachment":[{"href":"https:\/\/www.bonporteau.fr\/de\/wp-json\/wp\/v2\/media?parent=2324"}],"curies":[{"name":"wp","href":"https:\/\/api.w.org\/{rel}","templated":true}]}}